{"id":7136,"date":"2021-07-05T12:14:18","date_gmt":"2021-07-05T11:14:18","guid":{"rendered":"http:\/\/visitlitija.si\/?page_id=7136"},"modified":"2021-07-05T12:14:19","modified_gmt":"2021-07-05T11:14:19","slug":"shop","status":"publish","type":"page","link":"https:\/\/visitlitija.si\/en\/shop\/","title":{"rendered":"Shop"},"content":{"rendered":"\n<p>V TIC Litija deluje lepo zalo\u017eena trgovinica z lokalnimi produkti, ki so primerni kot spominki ali simboli\u010dna darila. Izbirate lahko med unikatnimi lesenimi, kerami\u010dnimi, pletarskim, tekstilnimi izdelki, razli\u010dnim nakitom, naravnimi mili, \u010daji in drugimi unikatnimi rokodelskimi izdelki.<\/p>\n\n\n\n<figure class=\"wp-block-gallery alignwide columns-3 is-cropped wp-block-gallery-1 is-layout-flex wp-block-gallery-is-layout-flex\"><ul class=\"blocks-gallery-grid\"><li class=\"blocks-gallery-item\"><figure><a href=\"http:\/\/visitlitija.si\/wp-content\/uploads\/trgovina-1.jpg\"><img decoding=\"async\" width=\"1382\" height=\"1036\" src=\"http:\/\/visitlitija.si\/wp-content\/uploads\/trgovina-1.jpg\" alt=\"\" data-id=\"5643\" data-full-url=\"http:\/\/visitlitija.si\/wp-content\/uploads\/trgovina-1.jpg\" data-link=\"http:\/\/visitlitija.si\/trgovina\/attachment\/trgovina-1\/\" class=\"wp-image-6868\" srcset=\"https:\/\/visitlitija.si\/wp-content\/uploads\/trgovina-1.jpg 1382w, https:\/\/visitlitija.si\/wp-content\/uploads\/trgovina-1-1024x768.jpg 1024w\" sizes=\"(max-width: 1382px) 100vw, 1382px\" \/><\/a><\/figure><\/li><li class=\"blocks-gallery-item\"><figure><a href=\"http:\/\/visitlitija.si\/wp-content\/uploads\/trgovina-2.jpg\"><img decoding=\"async\" width=\"1382\" height=\"1036\" src=\"http:\/\/visitlitija.si\/wp-content\/uploads\/trgovina-2.jpg\" alt=\"\" data-id=\"5644\" data-full-url=\"http:\/\/visitlitija.si\/wp-content\/uploads\/trgovina-2.jpg\" data-link=\"http:\/\/visitlitija.si\/trgovina\/attachment\/dav\/\" class=\"wp-image-6869\" srcset=\"https:\/\/visitlitija.si\/wp-content\/uploads\/trgovina-2.jpg 1382w, https:\/\/visitlitija.si\/wp-content\/uploads\/trgovina-2-1024x768.jpg 1024w\" sizes=\"(max-width: 1382px) 100vw, 1382px\" \/><\/a><\/figure><\/li><li class=\"blocks-gallery-item\"><figure><a href=\"http:\/\/visitlitija.si\/wp-content\/uploads\/trgovina-13.jpg\"><img decoding=\"async\" width=\"1024\" height=\"767\" src=\"http:\/\/visitlitija.si\/wp-content\/uploads\/trgovina-13-1024x767.jpg\" alt=\"\" data-id=\"5669\" data-full-url=\"http:\/\/visitlitija.si\/wp-content\/uploads\/trgovina-13.jpg\" data-link=\"http:\/\/visitlitija.si\/trgovina\/attachment\/trgovina-13\/\" class=\"wp-image-5669\" srcset=\"https:\/\/visitlitija.si\/wp-content\/uploads\/trgovina-13-1024x767.jpg 1024w, https:\/\/visitlitija.si\/wp-content\/uploads\/trgovina-13.jpg 1036w\" sizes=\"(max-width: 1024px) 100vw, 1024px\" \/><\/a><\/figure><\/li><li class=\"blocks-gallery-item\"><figure><a href=\"http:\/\/visitlitija.si\/wp-content\/uploads\/trgovina-4.jpg\"><img decoding=\"async\" width=\"1382\" height=\"1036\" src=\"http:\/\/visitlitija.si\/wp-content\/uploads\/trgovina-4.jpg\" alt=\"\" data-id=\"5646\" data-full-url=\"http:\/\/visitlitija.si\/wp-content\/uploads\/trgovina-4.jpg\" data-link=\"http:\/\/visitlitija.si\/trgovina\/attachment\/dav-3\/\" class=\"wp-image-6871\" srcset=\"https:\/\/visitlitija.si\/wp-content\/uploads\/trgovina-4.jpg 1382w, https:\/\/visitlitija.si\/wp-content\/uploads\/trgovina-4-1024x768.jpg 1024w\" sizes=\"(max-width: 1382px) 100vw, 1382px\" \/><\/a><\/figure><\/li><li class=\"blocks-gallery-item\"><figure><a href=\"http:\/\/visitlitija.si\/wp-content\/uploads\/trgovina-5.jpg\"><img decoding=\"async\" width=\"1382\" height=\"1036\" src=\"http:\/\/visitlitija.si\/wp-content\/uploads\/trgovina-5.jpg\" alt=\"\" data-id=\"5647\" data-full-url=\"http:\/\/visitlitija.si\/wp-content\/uploads\/trgovina-5.jpg\" data-link=\"http:\/\/visitlitija.si\/trgovina\/attachment\/dav-4\/\" class=\"wp-image-6872\" srcset=\"https:\/\/visitlitija.si\/wp-content\/uploads\/trgovina-5.jpg 1382w, https:\/\/visitlitija.si\/wp-content\/uploads\/trgovina-5-1024x768.jpg 1024w\" sizes=\"(max-width: 1382px) 100vw, 1382px\" \/><\/a><\/figure><\/li><li class=\"blocks-gallery-item\"><figure><a href=\"http:\/\/visitlitija.si\/wp-content\/uploads\/trgovina-6.jpg\"><img decoding=\"async\" width=\"1382\" height=\"1036\" src=\"http:\/\/visitlitija.si\/wp-content\/uploads\/trgovina-6.jpg\" alt=\"\" data-id=\"5648\" data-full-url=\"http:\/\/visitlitija.si\/wp-content\/uploads\/trgovina-6.jpg\" data-link=\"http:\/\/visitlitija.si\/trgovina\/attachment\/dav-5\/\" class=\"wp-image-6873\" srcset=\"https:\/\/visitlitija.si\/wp-content\/uploads\/trgovina-6.jpg 1382w, https:\/\/visitlitija.si\/wp-content\/uploads\/trgovina-6-1024x768.jpg 1024w\" sizes=\"(max-width: 1382px) 100vw, 1382px\" \/><\/a><\/figure><\/li><li class=\"blocks-gallery-item\"><figure><a href=\"http:\/\/visitlitija.si\/wp-content\/uploads\/turisticni-ponudniki-rokodelski-izdelki-1-1024x768-1.jpg\"><img decoding=\"async\" width=\"1024\" height=\"768\" src=\"http:\/\/visitlitija.si\/wp-content\/uploads\/turisticni-ponudniki-rokodelski-izdelki-1-1024x768-1.jpg\" alt=\"\" data-id=\"5649\" data-full-url=\"http:\/\/visitlitija.si\/wp-content\/uploads\/turisticni-ponudniki-rokodelski-izdelki-1-1024x768-1.jpg\" data-link=\"http:\/\/visitlitija.si\/trgovina\/attachment\/trgovina-7\/\" class=\"wp-image-6874\" srcset=\"https:\/\/visitlitija.si\/wp-content\/uploads\/turisticni-ponudniki-rokodelski-izdelki-1-1024x768-1.jpg 1024w, https:\/\/visitlitija.si\/wp-content\/uploads\/turisticni-ponudniki-rokodelski-izdelki-1-1024x768-1-400x300.jpg 400w\" sizes=\"(max-width: 1024px) 100vw, 1024px\" \/><\/a><\/figure><\/li><li class=\"blocks-gallery-item\"><figure><a href=\"http:\/\/visitlitija.si\/wp-content\/uploads\/trgovina-8.jpg\"><img decoding=\"async\" width=\"1382\" height=\"1036\" src=\"http:\/\/visitlitija.si\/wp-content\/uploads\/trgovina-8.jpg\" alt=\"\" data-id=\"5650\" data-full-url=\"http:\/\/visitlitija.si\/wp-content\/uploads\/trgovina-8.jpg\" data-link=\"http:\/\/visitlitija.si\/trgovina\/attachment\/dav-6\/\" class=\"wp-image-6875\" srcset=\"https:\/\/visitlitija.si\/wp-content\/uploads\/trgovina-8.jpg 1382w, https:\/\/visitlitija.si\/wp-content\/uploads\/trgovina-8-1024x768.jpg 1024w\" sizes=\"(max-width: 1382px) 100vw, 1382px\" \/><\/a><\/figure><\/li><li class=\"blocks-gallery-item\"><figure><a href=\"http:\/\/visitlitija.si\/wp-content\/uploads\/trgovina-9.jpg\"><img decoding=\"async\" width=\"1382\" height=\"1036\" src=\"http:\/\/visitlitija.si\/wp-content\/uploads\/trgovina-9.jpg\" alt=\"\" data-id=\"5651\" data-full-url=\"http:\/\/visitlitija.si\/wp-content\/uploads\/trgovina-9.jpg\" data-link=\"http:\/\/visitlitija.si\/trgovina\/attachment\/trgovina-9\/\" class=\"wp-image-6876\" srcset=\"https:\/\/visitlitija.si\/wp-content\/uploads\/trgovina-9.jpg 1382w, https:\/\/visitlitija.si\/wp-content\/uploads\/trgovina-9-1024x768.jpg 1024w\" sizes=\"(max-width: 1382px) 100vw, 1382px\" \/><\/a><\/figure><\/li><li class=\"blocks-gallery-item\"><figure><a href=\"http:\/\/visitlitija.si\/wp-content\/uploads\/trgovina-10.jpg\"><img decoding=\"async\" width=\"1382\" height=\"1036\" src=\"http:\/\/visitlitija.si\/wp-content\/uploads\/trgovina-10.jpg\" alt=\"\" data-id=\"5652\" data-full-url=\"http:\/\/visitlitija.si\/wp-content\/uploads\/trgovina-10.jpg\" data-link=\"http:\/\/visitlitija.si\/trgovina\/attachment\/dav-7\/\" class=\"wp-image-6877\" srcset=\"https:\/\/visitlitija.si\/wp-content\/uploads\/trgovina-10.jpg 1382w, https:\/\/visitlitija.si\/wp-content\/uploads\/trgovina-10-1024x768.jpg 1024w\" sizes=\"(max-width: 1382px) 100vw, 1382px\" \/><\/a><\/figure><\/li><li class=\"blocks-gallery-item\"><figure><a href=\"http:\/\/visitlitija.si\/wp-content\/uploads\/trgovina-11.jpg\"><img decoding=\"async\" width=\"1382\" height=\"1036\" src=\"http:\/\/visitlitija.si\/wp-content\/uploads\/trgovina-11.jpg\" alt=\"\" data-id=\"5653\" data-full-url=\"http:\/\/visitlitija.si\/wp-content\/uploads\/trgovina-11.jpg\" data-link=\"http:\/\/visitlitija.si\/trgovina\/attachment\/trgovina-11\/\" class=\"wp-image-6878\" srcset=\"https:\/\/visitlitija.si\/wp-content\/uploads\/trgovina-11.jpg 1382w, https:\/\/visitlitija.si\/wp-content\/uploads\/trgovina-11-1024x768.jpg 1024w\" sizes=\"(max-width: 1382px) 100vw, 1382px\" \/><\/a><\/figure><\/li><li class=\"blocks-gallery-item\"><figure><a href=\"http:\/\/visitlitija.si\/wp-content\/uploads\/trgovina-12.jpg\"><img decoding=\"async\" width=\"1382\" height=\"1036\" src=\"http:\/\/visitlitija.si\/wp-content\/uploads\/trgovina-12.jpg\" alt=\"\" data-id=\"5654\" data-full-url=\"http:\/\/visitlitija.si\/wp-content\/uploads\/trgovina-12.jpg\" data-link=\"http:\/\/visitlitija.si\/trgovina\/attachment\/dav-8\/\" class=\"wp-image-6879\" srcset=\"https:\/\/visitlitija.si\/wp-content\/uploads\/trgovina-12.jpg 1382w, https:\/\/visitlitija.si\/wp-content\/uploads\/trgovina-12-1024x768.jpg 1024w\" sizes=\"(max-width: 1382px) 100vw, 1382px\" \/><\/a><\/figure><\/li><\/ul><\/figure>\n","protected":false},"excerpt":{"rendered":"<p>V TIC Litija deluje lepo zalo\u017eena trgovinica z lokalnimi produkti, ki so primerni kot spominki ali simboli\u010dna darila. Izbirate lahko med unikatnimi lesenimi, kerami\u010dnimi, pletarskim, tekstilnimi izdelki, razli\u010dnim nakitom, naravnimi mili, \u010daji in drugimi unikatnimi rokodelskimi izdelki.<\/p>\n","protected":false},"author":1,"featured_media":0,"parent":0,"menu_order":0,"comment_status":"closed","ping_status":"closed","template":"","meta":{"_acf_changed":false,"footnotes":""},"class_list":["post-7136","page","type-page","status-publish","hentry"],"acf":[],"_links":{"self":[{"href":"https:\/\/visitlitija.si\/en\/wp-json\/wp\/v2\/pages\/7136","targetHints":{"allow":["GET"]}}],"collection":[{"href":"https:\/\/visitlitija.si\/en\/wp-json\/wp\/v2\/pages"}],"about":[{"href":"https:\/\/visitlitija.si\/en\/wp-json\/wp\/v2\/types\/page"}],"author":[{"embeddable":true,"href":"https:\/\/visitlitija.si\/en\/wp-json\/wp\/v2\/users\/1"}],"replies":[{"embeddable":true,"href":"https:\/\/visitlitija.si\/en\/wp-json\/wp\/v2\/comments?post=7136"}],"version-history":[{"count":1,"href":"https:\/\/visitlitija.si\/en\/wp-json\/wp\/v2\/pages\/7136\/revisions"}],"predecessor-version":[{"id":7137,"href":"https:\/\/visitlitija.si\/en\/wp-json\/wp\/v2\/pages\/7136\/revisions\/7137"}],"wp:attachment":[{"href":"https:\/\/visitlitija.si\/en\/wp-json\/wp\/v2\/media?parent=7136"}],"curies":[{"name":"wp","href":"https:\/\/api.w.org\/{rel}","templated":true}]}}